{"id":6348,"date":"2026-04-10T10:51:33","date_gmt":"2026-04-10T10:51:33","guid":{"rendered":"https:\/\/futerno.com\/?post_type=product&#038;p=6342"},"modified":"2026-04-10T11:21:19","modified_gmt":"2026-04-10T11:21:19","slug":"laminam-vulcano-3","status":"publish","type":"product","link":"https:\/\/futerno.com\/?product=laminam-vulcano-3&lang=sv","title":{"rendered":"Laminam Vulcano"},"content":{"rendered":"<p data-start=\"35\" data-end=\"282\">Vulcano \u00e4r en keramisk yta fr\u00e5n Laminam som \u00e5terspeglar kraften och elegansen hos vulkanisk sten. De djupa, m\u00f6rka tonerna och den rika strukturen skapar ett starkt visuellt uttryck och ger rummet en dj\u00e4rv men samtidigt sofistikerad atmosf\u00e4r.<\/p>\n<p data-start=\"284\" data-end=\"515\">Inspirerad av vulkanernas dynamiska natur kombinerar denna yta styrka med minimalistisk estetik. De m\u00f6rka nyanserna samspelar med naturligt ljus och skapar djup och subtila kontraster som passar b\u00e5de moderna och tidl\u00f6sa interi\u00f6rer.<\/p>\n<p data-start=\"517\" data-end=\"725\">Slate Vulcano \u00e4r idealisk f\u00f6r v\u00e4ggbekl\u00e4dnad, golv, k\u00f6ksb\u00e4nkskivor och skr\u00e4ddarsydda inredningselement. Den fungerar s\u00e4rskilt bra tillsammans med ljusare toner och skapar en balanserad men uttrycksfull design.<\/p>\n<p data-start=\"727\" data-end=\"948\">Ut\u00f6ver sitt estetiska v\u00e4rde erbjuder ytan h\u00f6g prestanda. Den \u00e4r rept\u00e5lig, fl\u00e4ckt\u00e5lig, v\u00e4rmet\u00e5lig och l\u00e4mpad f\u00f6r daglig anv\u00e4ndning i b\u00e5de privata och kommersiella milj\u00f6er. L\u00e4tt att underh\u00e5lla och byggd f\u00f6r l\u00e5ng h\u00e5llbarhet.<\/p>\n<p data-start=\"950\" data-end=\"1089\">Marmi Futerno erbjuder skr\u00e4ddarsydda l\u00f6sningar med Laminam, inklusive b\u00e4nkskivor, v\u00e4ggpaneler, m\u00f6belelement och projektanpassade l\u00f6sningar.<\/p>\n<p data-start=\"1136\" data-end=\"1348\">Storlekar:<br data-start=\"1150\" data-end=\"1153\" \/>1000 \u00d7 3000 mm fullstor platta \u2013 Laminam 2<br data-start=\"1195\" data-end=\"1198\" \/>1200 \u00d7 3000 mm fullstor platta \u2013 Laminam 5<br data-start=\"1240\" data-end=\"1243\" \/>1200 \u00d7 3000 mm \u2013 Laminam 5<br data-start=\"1269\" data-end=\"1272\" \/>1000 \u00d7 3000 mm \u2013 Laminam 2+<br data-start=\"1299\" data-end=\"1302\" \/>1620 \u00d7 3240 mm fullstor platta \u2013 Laminam 12+<\/p>\n","protected":false},"featured_media":6344,"template":"","product_category":[722],"product_color":[725,757],"product_type":[740],"product_brand":[153],"product_origin":[743],"class_list":["post-6348","product","type-product","status-publish","has-post-thumbnail","hentry","product_category-artificial-stones","product_color-grey","product_color-black","product_type-ceramic","product_brand-laminam","product_origin-italy"],"acf":[],"lang":"sv","translations":{"sv":6348,"en":6342,"et":6347},"pll_sync_post":[],"_links":{"self":[{"href":"https:\/\/futerno.com\/index.php?rest_route=\/wp\/v2\/product\/6348","targetHints":{"allow":["GET"]}}],"collection":[{"href":"https:\/\/futerno.com\/index.php?rest_route=\/wp\/v2\/product"}],"about":[{"href":"https:\/\/futerno.com\/index.php?rest_route=\/wp\/v2\/types\/product"}],"version-history":[{"count":2,"href":"https:\/\/futerno.com\/index.php?rest_route=\/wp\/v2\/product\/6348\/revisions"}],"predecessor-version":[{"id":6353,"href":"https:\/\/futerno.com\/index.php?rest_route=\/wp\/v2\/product\/6348\/revisions\/6353"}],"wp:featuredmedia":[{"embeddable":true,"href":"https:\/\/futerno.com\/index.php?rest_route=\/wp\/v2\/media\/6344"}],"wp:attachment":[{"href":"https:\/\/futerno.com\/index.php?rest_route=%2Fwp%2Fv2%2Fmedia&parent=6348"}],"wp:term":[{"taxonomy":"product_category","embeddable":true,"href":"https:\/\/futerno.com\/index.php?rest_route=%2Fwp%2Fv2%2Fproduct_category&post=6348"},{"taxonomy":"product_color","embeddable":true,"href":"https:\/\/futerno.com\/index.php?rest_route=%2Fwp%2Fv2%2Fproduct_color&post=6348"},{"taxonomy":"product_type","embeddable":true,"href":"https:\/\/futerno.com\/index.php?rest_route=%2Fwp%2Fv2%2Fproduct_type&post=6348"},{"taxonomy":"product_brand","embeddable":true,"href":"https:\/\/futerno.com\/index.php?rest_route=%2Fwp%2Fv2%2Fproduct_brand&post=6348"},{"taxonomy":"product_origin","embeddable":true,"href":"https:\/\/futerno.com\/index.php?rest_route=%2Fwp%2Fv2%2Fproduct_origin&post=6348"}],"curies":[{"name":"wp","href":"https:\/\/api.w.org\/{rel}","templated":true}]}}