{"id":6347,"date":"2026-04-10T10:51:33","date_gmt":"2026-04-10T10:51:33","guid":{"rendered":"https:\/\/futerno.com\/?post_type=product&#038;p=6342"},"modified":"2026-04-10T10:54:56","modified_gmt":"2026-04-10T10:54:56","slug":"laminam-vulcano-2","status":"publish","type":"product","link":"https:\/\/futerno.com\/?product=laminam-vulcano-2&lang=et","title":{"rendered":"Laminam Vulcano"},"content":{"rendered":"<p data-start=\"37\" data-end=\"284\">Vulcano on Laminam keraamiline pind, mis peegeldab vulkaanilise kivi j\u00f5udu ja elegantsi. S\u00fcgavad tumedad toonid ja rikkalik tekstuur loovad tugeva iseloomu ning visuaalselt m\u00f5juva tulemuse, tuues ruumi julge ja samas rafineeritud atmosf\u00e4\u00e4ri.<\/p>\n<p data-start=\"286\" data-end=\"544\">Inspiratsiooni saanud vulkaanide d\u00fcnaamilisest olemusest, \u00fchendab see pind tugevuse ja minimalistliku esteetika. Tumedad varjundid m\u00e4ngivad loomuliku valgusega, luues s\u00fcgavust ja peent kontrasti, mis sobib nii modernsetesse kui ka ajatutesse interj\u00f6\u00f6ridesse.<\/p>\n<p data-start=\"546\" data-end=\"764\">Slate Vulcano sobib ideaalselt seinakatteks, p\u00f5randatele, k\u00f6\u00f6gi t\u00f6\u00f6tasapindadeks ning eritellimusel sisustuselementideks. Eriti h\u00e4sti toimib see koos heledamate toonidega, luues tasakaalustatud ja silmapaistva disaini.<\/p>\n<p data-start=\"766\" data-end=\"973\">Lisaks esteetikale pakub pind ka k\u00f5rget vastupidavust. See on kriimustuskindel, plekikindel, kuumakindel ning sobib igap\u00e4evaseks kasutamiseks nii kodu kui ka \u00e4rikeskkondades. Lihtne hooldada ja pika elueaga.<\/p>\n<p data-start=\"975\" data-end=\"1135\">Marmi Futerno pakub Laminam pindadest erilahenduste valmistamist, sealhulgas t\u00f6\u00f6pinnad, seinapaneelid, m\u00f6\u00f6blielemendid ja projektip\u00f5hised kohandatud lahendused.<\/p>\n<p data-start=\"1185\" data-end=\"1397\">M\u00f5\u00f5dud:<br data-start=\"1196\" data-end=\"1199\" \/>1000 \u00d7 3000 mm t\u00e4ism\u00f5\u00f5dus plaat \u2013 Laminam 2<br data-start=\"1242\" data-end=\"1245\" \/>1200 \u00d7 3000 mm t\u00e4ism\u00f5\u00f5dus plaat \u2013 Laminam 5<br data-start=\"1288\" data-end=\"1291\" \/>1200 \u00d7 3000 mm \u2013 Laminam 5<br data-start=\"1317\" data-end=\"1320\" \/>1000 \u00d7 3000 mm \u2013 Laminam 2+<br data-start=\"1347\" data-end=\"1350\" \/>1620 \u00d7 3240 mm t\u00e4ism\u00f5\u00f5dus plaat \u2013 Laminam 12+<\/p>\n","protected":false},"featured_media":6344,"template":"","product_category":[225],"product_color":[188,186],"product_type":[259],"product_brand":[153],"product_origin":[295],"class_list":["post-6347","product","type-product","status-publish","has-post-thumbnail","hentry","product_category-tehiskivi","product_color-must","product_color-hall","product_type-keraamika","product_brand-laminam","product_origin-itaalia"],"acf":[],"lang":"et","translations":{"et":6347,"en":6342,"sv":6348},"pll_sync_post":[],"_links":{"self":[{"href":"https:\/\/futerno.com\/index.php?rest_route=\/wp\/v2\/product\/6347","targetHints":{"allow":["GET"]}}],"collection":[{"href":"https:\/\/futerno.com\/index.php?rest_route=\/wp\/v2\/product"}],"about":[{"href":"https:\/\/futerno.com\/index.php?rest_route=\/wp\/v2\/types\/product"}],"version-history":[{"count":1,"href":"https:\/\/futerno.com\/index.php?rest_route=\/wp\/v2\/product\/6347\/revisions"}],"predecessor-version":[{"id":6351,"href":"https:\/\/futerno.com\/index.php?rest_route=\/wp\/v2\/product\/6347\/revisions\/6351"}],"wp:featuredmedia":[{"embeddable":true,"href":"https:\/\/futerno.com\/index.php?rest_route=\/wp\/v2\/media\/6344"}],"wp:attachment":[{"href":"https:\/\/futerno.com\/index.php?rest_route=%2Fwp%2Fv2%2Fmedia&parent=6347"}],"wp:term":[{"taxonomy":"product_category","embeddable":true,"href":"https:\/\/futerno.com\/index.php?rest_route=%2Fwp%2Fv2%2Fproduct_category&post=6347"},{"taxonomy":"product_color","embeddable":true,"href":"https:\/\/futerno.com\/index.php?rest_route=%2Fwp%2Fv2%2Fproduct_color&post=6347"},{"taxonomy":"product_type","embeddable":true,"href":"https:\/\/futerno.com\/index.php?rest_route=%2Fwp%2Fv2%2Fproduct_type&post=6347"},{"taxonomy":"product_brand","embeddable":true,"href":"https:\/\/futerno.com\/index.php?rest_route=%2Fwp%2Fv2%2Fproduct_brand&post=6347"},{"taxonomy":"product_origin","embeddable":true,"href":"https:\/\/futerno.com\/index.php?rest_route=%2Fwp%2Fv2%2Fproduct_origin&post=6347"}],"curies":[{"name":"wp","href":"https:\/\/api.w.org\/{rel}","templated":true}]}}