{"id":6145,"date":"2026-04-07T12:37:34","date_gmt":"2026-04-07T12:37:34","guid":{"rendered":"https:\/\/futerno.com\/?post_type=product&#038;p=6139"},"modified":"2026-04-07T12:41:23","modified_gmt":"2026-04-07T12:41:23","slug":"laminam-terra-di-saturnia","status":"publish","type":"product","link":"https:\/\/futerno.com\/?product=laminam-terra-di-saturnia&lang=et","title":{"rendered":"Laminam Terra Di Saturnia"},"content":{"rendered":"<p data-start=\"263\" data-end=\"496\">Terra di Saturnia on Laminami IN SIDE sarja keraamiline pind, mis on inspireeritud Itaalia Maremma piirkonna loodusest, kus kuumaveeallikad, mineraaliderikas pinnas ja pehmed setted loovad ainulaadse visuaalse ilme.<\/p>\n<p data-start=\"498\" data-end=\"756\">Selle toonid liiguvad taupe\u2019i ja halli vahel, luues loomuliku ja voolava pinna, mida ei saa m\u00e4\u00e4ratleda \u00fche kindla v\u00e4rviga. Disain peegeldab hetke, mil vesi taandub ja paljastab pehme, liivase pinnase, tuues esile peened toonimuutused ja loodusliku tekstuuri.<\/p>\n<p data-start=\"758\" data-end=\"1048\">IN SIDE tehnoloogia tagab materjali t\u00e4ieliku \u00fchtsuse l\u00e4bi kogu plaadi, kus nii pind kui ka sisemine struktuur on visuaalselt ja materjaalselt \u00fchesugused. See v\u00f5imaldab saavutada tervikliku ja viimistletud tulemuse ka servades ja detailides, muutes materjali ideaalseks ka m\u00f6\u00f6blilahendustes.<\/p>\n<p data-start=\"1050\" data-end=\"1271\">Saadaval Natural ja Fiammato viimistlustes, pakub Terra di Saturnia nii siledamat kui ka reljeefsemat taktiilset kogemust. Fiammato viimistlus r\u00f5hutab pinna struktuuri ja annab sellele robustse, kuid samas kaasaegse ilme.<\/p>\n<p data-start=\"1273\" data-end=\"1489\">Pind sobib suurep\u00e4raselt p\u00f5randatele, seinakatteks, k\u00f6\u00f6gi t\u00f6\u00f6tasapindadeks, vannitoam\u00f6\u00f6bliks ning eritellimusel sisustuselementideks, v\u00f5imaldades luua \u00fchtseid ja terviklikke lahendusi nii sise kui ka v\u00e4litingimustes.<\/p>\n<p data-start=\"1491\" data-end=\"1636\">Pind on vastupidav kriimustustele, plekkidele, l\u00f6\u00f6kidele ja temperatuurimuutustele, tagades pikaajalise kasutuse nii kodu kui ka \u00e4rikeskkondades.<\/p>\n<p data-start=\"1638\" data-end=\"1886\">Marmi Futerno pakub Terra di Saturnia Laminam pindu arhitektidele, disaineritele ja arendajatele Rootsis, Eestis ja Norras. Pakume ka eritellimusel valmistatud lahendusi, l\u00f5ikamist ning projektip\u00f5hiseid lahendusi vastavalt iga projekti vajadustele.<\/p>\n<p data-start=\"1888\" data-end=\"2009\" data-is-last-node=\"\" data-is-only-node=\"\">1620 \u00d7 3240 mm t\u00e4ism\u00f5\u00f5dus plaat \u2013 Laminam 12+<br data-start=\"1933\" data-end=\"1936\" \/>1200 \u00d7 3000 mm t\u00e4ism\u00f5\u00f5dus plaat \u2013 Laminam 5<br data-start=\"1979\" data-end=\"1982\" \/>1200 \u00d7 3000 mm \u2013 Laminam 5+<\/p>\n","protected":false},"featured_media":6144,"template":"","product_category":[225],"product_color":[186,245],"product_type":[259],"product_brand":[153],"product_origin":[295],"class_list":["post-6145","product","type-product","status-publish","has-post-thumbnail","hentry","product_category-tehiskivi","product_color-hall","product_color-pruun","product_type-keraamika","product_brand-laminam","product_origin-itaalia"],"acf":[],"lang":"et","translations":{"et":6145,"en":6139,"sv":6146},"pll_sync_post":[],"_links":{"self":[{"href":"https:\/\/futerno.com\/index.php?rest_route=\/wp\/v2\/product\/6145","targetHints":{"allow":["GET"]}}],"collection":[{"href":"https:\/\/futerno.com\/index.php?rest_route=\/wp\/v2\/product"}],"about":[{"href":"https:\/\/futerno.com\/index.php?rest_route=\/wp\/v2\/types\/product"}],"version-history":[{"count":2,"href":"https:\/\/futerno.com\/index.php?rest_route=\/wp\/v2\/product\/6145\/revisions"}],"predecessor-version":[{"id":6152,"href":"https:\/\/futerno.com\/index.php?rest_route=\/wp\/v2\/product\/6145\/revisions\/6152"}],"wp:featuredmedia":[{"embeddable":true,"href":"https:\/\/futerno.com\/index.php?rest_route=\/wp\/v2\/media\/6144"}],"wp:attachment":[{"href":"https:\/\/futerno.com\/index.php?rest_route=%2Fwp%2Fv2%2Fmedia&parent=6145"}],"wp:term":[{"taxonomy":"product_category","embeddable":true,"href":"https:\/\/futerno.com\/index.php?rest_route=%2Fwp%2Fv2%2Fproduct_category&post=6145"},{"taxonomy":"product_color","embeddable":true,"href":"https:\/\/futerno.com\/index.php?rest_route=%2Fwp%2Fv2%2Fproduct_color&post=6145"},{"taxonomy":"product_type","embeddable":true,"href":"https:\/\/futerno.com\/index.php?rest_route=%2Fwp%2Fv2%2Fproduct_type&post=6145"},{"taxonomy":"product_brand","embeddable":true,"href":"https:\/\/futerno.com\/index.php?rest_route=%2Fwp%2Fv2%2Fproduct_brand&post=6145"},{"taxonomy":"product_origin","embeddable":true,"href":"https:\/\/futerno.com\/index.php?rest_route=%2Fwp%2Fv2%2Fproduct_origin&post=6145"}],"curies":[{"name":"wp","href":"https:\/\/api.w.org\/{rel}","templated":true}]}}