{"id":6109,"date":"2026-04-07T10:27:54","date_gmt":"2026-04-07T10:27:54","guid":{"rendered":"https:\/\/futerno.com\/?post_type=product&#038;p=6109"},"modified":"2026-04-07T10:32:09","modified_gmt":"2026-04-07T10:32:09","slug":"laminam-pietra-di-cardoso-grigio","status":"publish","type":"product","link":"https:\/\/futerno.com\/?product=laminam-pietra-di-cardoso-grigio&lang=sv","title":{"rendered":"Laminam Pietra Di Cardoso Grigio"},"content":{"rendered":"<div class=\"flex flex-col text-sm pb-25\">\n<section class=\"text-token-text-primary w-full focus:outline-none [--shadow-height:45px] has-data-writing-block:pointer-events-none has-data-writing-block:-mt-(--shadow-height) has-data-writing-block:pt-(--shadow-height) [&amp;:has([data-writing-block])&gt;*]:pointer-events-auto scroll-mt-[calc(var(--header-height)+min(200px,max(70px,20svh)))]\" dir=\"auto\" data-turn-id=\"request-69ccd76f-01d8-8384-a131-297a7034143c-23\" data-testid=\"conversation-turn-426\" data-scroll-anchor=\"true\" data-turn=\"assistant\">\n<div class=\"text-base my-auto mx-auto pb-10 [--thread-content-margin:var(--thread-content-margin-xs,calc(var(--spacing)*4))] @w-sm\/main:[--thread-content-margin:var(--thread-content-margin-sm,calc(var(--spacing)*6))] @w-lg\/main:[--thread-content-margin:var(--thread-content-margin-lg,calc(var(--spacing)*16))] px-(--thread-content-margin)\">\n<div class=\"[--thread-content-max-width:40rem] @w-lg\/main:[--thread-content-max-width:48rem] mx-auto max-w-(--thread-content-max-width) flex-1 group\/turn-messages focus-visible:outline-hidden relative flex w-full min-w-0 flex-col agent-turn\">\n<div class=\"flex max-w-full flex-col gap-4 grow\">\n<div class=\"min-h-8 text-message relative flex w-full flex-col items-end gap-2 text-start break-words whitespace-normal outline-none keyboard-focused:focus-ring [.text-message+&amp;]:mt-1\" dir=\"auto\" tabindex=\"0\" data-message-author-role=\"assistant\" data-message-id=\"cc13049e-c3ce-43d9-b30b-638d42f1687a\" data-message-model-slug=\"gpt-5-3\" data-turn-start-message=\"true\">\n<div class=\"flex w-full flex-col gap-1 empty:hidden\">\n<div class=\"markdown prose dark:prose-invert w-full wrap-break-word light markdown-new-styling\">\n<div class=\"flex flex-col text-sm pb-25\">\n<section class=\"text-token-text-primary w-full focus:outline-none [--shadow-height:45px] has-data-writing-block:pointer-events-none has-data-writing-block:-mt-(--shadow-height) has-data-writing-block:pt-(--shadow-height) [&amp;:has([data-writing-block])&gt;*]:pointer-events-auto scroll-mt-[calc(var(--header-height)+min(200px,max(70px,20svh)))]\" dir=\"auto\" data-turn-id=\"request-69ccd76f-01d8-8384-a131-297a7034143c-25\" data-testid=\"conversation-turn-430\" data-scroll-anchor=\"true\" data-turn=\"assistant\">\n<div class=\"text-base my-auto mx-auto pb-10 [--thread-content-margin:var(--thread-content-margin-xs,calc(var(--spacing)*4))] @w-sm\/main:[--thread-content-margin:var(--thread-content-margin-sm,calc(var(--spacing)*6))] @w-lg\/main:[--thread-content-margin:var(--thread-content-margin-lg,calc(var(--spacing)*16))] px-(--thread-content-margin)\">\n<div class=\"[--thread-content-max-width:40rem] @w-lg\/main:[--thread-content-max-width:48rem] mx-auto max-w-(--thread-content-max-width) flex-1 group\/turn-messages focus-visible:outline-hidden relative flex w-full min-w-0 flex-col agent-turn\">\n<div class=\"flex max-w-full flex-col gap-4 grow\">\n<div class=\"min-h-8 text-message relative flex w-full flex-col items-end gap-2 text-start break-words whitespace-normal outline-none keyboard-focused:focus-ring [.text-message+&amp;]:mt-1\" dir=\"auto\" tabindex=\"0\" data-message-author-role=\"assistant\" data-message-id=\"2a98ebf7-0ea8-42d0-8d18-22ababc6cf37\" data-message-model-slug=\"gpt-5-3\" data-turn-start-message=\"true\">\n<div class=\"flex w-full flex-col gap-1 empty:hidden\">\n<div class=\"markdown prose dark:prose-invert w-full wrap-break-word light markdown-new-styling\">\n<p data-start=\"261\" data-end=\"411\">Pietra di Cardoso Grigio \u00e4r en keramisk yta fr\u00e5n Laminams IN SIDE-kollektion, inspirerad av sandsten fr\u00e5n Apuanska Alperna i Italien.<\/p>\n<p data-start=\"413\" data-end=\"663\">Den djupa askgr\u00e5 tonen med subtila turkosa undertoner kombineras med fina vita \u00e5dringar, vilket skapar ett naturligt och elegant visuellt uttryck. Resultatet \u00e4r en yta som f\u00f6renar styrka och estetik och passar b\u00e5de moderna och arkitektoniska projekt.<\/p>\n<p data-start=\"665\" data-end=\"951\">Det som s\u00e4rskiljer denna yta \u00e4r IN SIDE-teknologin, som s\u00e4kerst\u00e4ller kontinuitet mellan ytan och materialets inre struktur. Det inneb\u00e4r att plattan \u00e4r genomf\u00e4rgad och kan bearbetas fr\u00e5n alla sidor, vilket ger ett enhetligt och h\u00f6gkvalitativt resultat \u00e4ven i synliga kanter och detaljer.<\/p>\n<p data-start=\"953\" data-end=\"1182\">Pietra di Cardoso Grigio l\u00e4mpar sig f\u00f6r k\u00f6ksb\u00e4nkskivor, badrumsm\u00f6bler, d\u00f6rrar, trappor, v\u00e4ggbekl\u00e4dnad och skr\u00e4ddarsydda inredningselement. Den ger m\u00f6jlighet att skapa s\u00f6ml\u00f6sa, skulpturala och detaljrika l\u00f6sningar i olika milj\u00f6er.<\/p>\n<p data-start=\"1184\" data-end=\"1358\">Finns i Natural och Fiammato finish, vilket g\u00f6r det m\u00f6jligt att v\u00e4lja mellan en sl\u00e4t och diskret yta eller en mer strukturerad och taktil k\u00e4nsla beroende p\u00e5 projektets behov.<\/p>\n<p data-start=\"1360\" data-end=\"1511\">Ytan \u00e4r motst\u00e5ndskraftig mot repor, fl\u00e4ckar, slag och temperaturv\u00e4xlingar, vilket s\u00e4kerst\u00e4ller l\u00e5ng h\u00e5llbarhet i b\u00e5de privata och kommersiella milj\u00f6er.<\/p>\n<p data-start=\"1513\" data-end=\"1758\">Marmi Futerno levererar Pietra di Cardoso Grigio Laminam till arkitekter, designers och utvecklare i Sverige, Estland och Norge. Vi erbjuder \u00e4ven specialtillverkade l\u00f6sningar, kapning och projektspecifika l\u00f6sningar anpassade efter varje projekt.<\/p>\n<p data-start=\"1760\" data-end=\"1804\" data-is-last-node=\"\" data-is-only-node=\"\">1620 \u00d7 3240 mm fullstor platta \u2013 Laminam 12+<\/p>\n<\/div>\n<\/div>\n<\/div>\n<\/div>\n<div class=\"z-0 flex min-h-[46px] justify-start\"><\/div>\n<div class=\"mt-3 w-full empty:hidden\">\n<div class=\"text-center\"><\/div>\n<\/div>\n<\/div>\n<\/div>\n<\/section>\n<\/div>\n<\/div>\n<\/div>\n<\/div>\n<\/div>\n<div class=\"mt-3 w-full empty:hidden\">\n<div class=\"text-center\"><\/div>\n<\/div>\n<\/div>\n<\/div>\n<\/section>\n<\/div>\n<div class=\"pointer-events-none h-px w-px absolute bottom-0\" aria-hidden=\"true\" data-edge=\"true\"><\/div>\n","protected":false},"featured_media":6103,"template":"","product_category":[722],"product_color":[725],"product_type":[740],"product_brand":[153],"product_origin":[743],"class_list":["post-6109","product","type-product","status-publish","has-post-thumbnail","hentry","product_category-artificial-stones","product_color-grey","product_type-ceramic","product_brand-laminam","product_origin-italy"],"acf":[],"lang":"sv","translations":{"sv":6109,"en":6110,"et":6111},"pll_sync_post":[],"_links":{"self":[{"href":"https:\/\/futerno.com\/index.php?rest_route=\/wp\/v2\/product\/6109","targetHints":{"allow":["GET"]}}],"collection":[{"href":"https:\/\/futerno.com\/index.php?rest_route=\/wp\/v2\/product"}],"about":[{"href":"https:\/\/futerno.com\/index.php?rest_route=\/wp\/v2\/types\/product"}],"version-history":[{"count":1,"href":"https:\/\/futerno.com\/index.php?rest_route=\/wp\/v2\/product\/6109\/revisions"}],"predecessor-version":[{"id":6114,"href":"https:\/\/futerno.com\/index.php?rest_route=\/wp\/v2\/product\/6109\/revisions\/6114"}],"wp:featuredmedia":[{"embeddable":true,"href":"https:\/\/futerno.com\/index.php?rest_route=\/wp\/v2\/media\/6103"}],"wp:attachment":[{"href":"https:\/\/futerno.com\/index.php?rest_route=%2Fwp%2Fv2%2Fmedia&parent=6109"}],"wp:term":[{"taxonomy":"product_category","embeddable":true,"href":"https:\/\/futerno.com\/index.php?rest_route=%2Fwp%2Fv2%2Fproduct_category&post=6109"},{"taxonomy":"product_color","embeddable":true,"href":"https:\/\/futerno.com\/index.php?rest_route=%2Fwp%2Fv2%2Fproduct_color&post=6109"},{"taxonomy":"product_type","embeddable":true,"href":"https:\/\/futerno.com\/index.php?rest_route=%2Fwp%2Fv2%2Fproduct_type&post=6109"},{"taxonomy":"product_brand","embeddable":true,"href":"https:\/\/futerno.com\/index.php?rest_route=%2Fwp%2Fv2%2Fproduct_brand&post=6109"},{"taxonomy":"product_origin","embeddable":true,"href":"https:\/\/futerno.com\/index.php?rest_route=%2Fwp%2Fv2%2Fproduct_origin&post=6109"}],"curies":[{"name":"wp","href":"https:\/\/api.w.org\/{rel}","templated":true}]}}