{"id":5998,"date":"2025-08-11T13:47:01","date_gmt":"2025-08-11T13:47:01","guid":{"rendered":"https:\/\/futerno.com\/?post_type=product&#038;p=4730"},"modified":"2026-04-07T07:19:41","modified_gmt":"2026-04-07T07:19:41","slug":"emperador-extra","status":"publish","type":"product","link":"https:\/\/futerno.com\/?product=emperador-extra&lang=sv","title":{"rendered":"Laminam Emperador Extra"},"content":{"rendered":"<div class=\"flex flex-col text-sm pb-25\">\n<section class=\"text-token-text-primary w-full focus:outline-none [--shadow-height:45px] has-data-writing-block:pointer-events-none has-data-writing-block:-mt-(--shadow-height) has-data-writing-block:pt-(--shadow-height) [&amp;:has([data-writing-block])&gt;*]:pointer-events-auto scroll-mt-[calc(var(--header-height)+min(200px,max(70px,20svh)))]\" dir=\"auto\" data-turn-id=\"request-69ccd76f-01d8-8384-a131-297a7034143c-7\" data-testid=\"conversation-turn-394\" data-scroll-anchor=\"true\" data-turn=\"assistant\">\n<div class=\"text-base my-auto mx-auto pb-10 [--thread-content-margin:var(--thread-content-margin-xs,calc(var(--spacing)*4))] @w-sm\/main:[--thread-content-margin:var(--thread-content-margin-sm,calc(var(--spacing)*6))] @w-lg\/main:[--thread-content-margin:var(--thread-content-margin-lg,calc(var(--spacing)*16))] px-(--thread-content-margin)\">\n<div class=\"[--thread-content-max-width:40rem] @w-lg\/main:[--thread-content-max-width:48rem] mx-auto max-w-(--thread-content-max-width) flex-1 group\/turn-messages focus-visible:outline-hidden relative flex w-full min-w-0 flex-col agent-turn\">\n<div class=\"flex max-w-full flex-col gap-4 grow\">\n<div class=\"min-h-8 text-message relative flex w-full flex-col items-end gap-2 text-start break-words whitespace-normal outline-none keyboard-focused:focus-ring [.text-message+&amp;]:mt-1\" dir=\"auto\" tabindex=\"0\" data-message-author-role=\"assistant\" data-message-id=\"e0cbf7be-5264-44a6-b46e-ada6f7a0e9db\" data-message-model-slug=\"gpt-5-3\" data-turn-start-message=\"true\">\n<div class=\"flex w-full flex-col gap-1 empty:hidden\">\n<div class=\"markdown prose dark:prose-invert w-full wrap-break-word light markdown-new-styling\">\n<p data-start=\"263\" data-end=\"435\">Emperador Extra \u00e4r en keramisk yta fr\u00e5n Laminams I Naturali-serie som \u00e5terger den dramatiska sk\u00f6nheten hos naturlig marmor i en modern, arkitektonisk form.<\/p>\n<p data-start=\"437\" data-end=\"695\">Inspirerad av detaljer fr\u00e5n sten direkt ur stenbrott, k\u00e4nnetecknas ytan av rika och uttrycksfulla \u00e5dringar som skapar djup och visuell dynamik. Resultatet \u00e4r en yta som tillf\u00f6r karakt\u00e4r, elegans och tidl\u00f6s lyx till b\u00e5de interi\u00f6rer och arkitektoniska projekt.<\/p>\n<p data-start=\"697\" data-end=\"953\">Finns i Natural, Bocciardato och Polished finish, vilket ger flexibilitet f\u00f6r olika designl\u00f6sningar. Polished framh\u00e4ver m\u00f6nstrets djup och glans, medan Natural och Bocciardato erbjuder en mer naturlig stenk\u00e4nsla som l\u00e4mpar sig f\u00f6r b\u00e5de inomhus och utomhus.<\/p>\n<p data-start=\"955\" data-end=\"1278\">De stora formaten m\u00f6jligg\u00f6r enhetliga och s\u00f6ml\u00f6sa ytor, vilket g\u00f6r materialet idealiskt f\u00f6r v\u00e4ggbekl\u00e4dnad, golv, k\u00f6ks och badrumsb\u00e4nkskivor samt skr\u00e4ddarsydda inredningselement. I 12 mm tjocklek anv\u00e4nds det ofta f\u00f6r horisontella ytor och erbjuder ett h\u00e5llbart och mer kostnadseffektivt alternativ till natursten och marmor.<\/p>\n<p data-start=\"1280\" data-end=\"1497\">Laminams keramiska ytor \u00e4r hygieniska och avger inga \u00e4mnen, vilket g\u00f6r dem s\u00e4kra f\u00f6r kontakt med livsmedel. Ytan \u00e4r motst\u00e5ndskraftig mot repor, slitage och fl\u00e4ckar och beh\u00e5ller sina egenskaper \u00e4ven i kr\u00e4vande milj\u00f6er.<\/p>\n<p data-start=\"1499\" data-end=\"1647\">Den halkskyddande R9-finishen g\u00f6r den s\u00e4rskilt l\u00e4mplig f\u00f6r utomhusmilj\u00f6er och ytor som uts\u00e4tts f\u00f6r fukt, b\u00e5de i privata och kommersiella sammanhang.<\/p>\n<p data-start=\"1649\" data-end=\"1885\">Marmi Futerno levererar Emperador Extra Laminam till arkitekter, designers och utvecklare i Sverige, Estland och Norge. Vi erbjuder \u00e4ven specialtillverkade l\u00f6sningar, kapning och projektspecifika l\u00f6sningar anpassade efter varje projekt.<\/p>\n<p data-start=\"1887\" data-end=\"1931\" data-is-last-node=\"\" data-is-only-node=\"\">1620 \u00d7 3240 mm fullstor platta \u2013 Laminam 12+<\/p>\n<\/div>\n<\/div>\n<\/div>\n<\/div>\n<div class=\"z-0 flex min-h-[46px] justify-start\"><\/div>\n<div class=\"mt-3 w-full empty:hidden\">\n<div class=\"text-center\"><\/div>\n<\/div>\n<\/div>\n<\/div>\n<\/section>\n<\/div>\n","protected":false},"featured_media":5997,"template":"","product_category":[722],"product_color":[728,734,752],"product_type":[740],"product_brand":[153],"product_origin":[743],"class_list":["post-5998","product","type-product","status-publish","has-post-thumbnail","hentry","product_category-artificial-stones","product_color-beige","product_color-gold","product_color-brown","product_type-ceramic","product_brand-laminam","product_origin-italy"],"acf":[],"lang":"sv","translations":{"sv":5998,"en":4730,"et":4743},"pll_sync_post":[],"_links":{"self":[{"href":"https:\/\/futerno.com\/index.php?rest_route=\/wp\/v2\/product\/5998","targetHints":{"allow":["GET"]}}],"collection":[{"href":"https:\/\/futerno.com\/index.php?rest_route=\/wp\/v2\/product"}],"about":[{"href":"https:\/\/futerno.com\/index.php?rest_route=\/wp\/v2\/types\/product"}],"version-history":[{"count":3,"href":"https:\/\/futerno.com\/index.php?rest_route=\/wp\/v2\/product\/5998\/revisions"}],"predecessor-version":[{"id":6003,"href":"https:\/\/futerno.com\/index.php?rest_route=\/wp\/v2\/product\/5998\/revisions\/6003"}],"wp:featuredmedia":[{"embeddable":true,"href":"https:\/\/futerno.com\/index.php?rest_route=\/wp\/v2\/media\/5997"}],"wp:attachment":[{"href":"https:\/\/futerno.com\/index.php?rest_route=%2Fwp%2Fv2%2Fmedia&parent=5998"}],"wp:term":[{"taxonomy":"product_category","embeddable":true,"href":"https:\/\/futerno.com\/index.php?rest_route=%2Fwp%2Fv2%2Fproduct_category&post=5998"},{"taxonomy":"product_color","embeddable":true,"href":"https:\/\/futerno.com\/index.php?rest_route=%2Fwp%2Fv2%2Fproduct_color&post=5998"},{"taxonomy":"product_type","embeddable":true,"href":"https:\/\/futerno.com\/index.php?rest_route=%2Fwp%2Fv2%2Fproduct_type&post=5998"},{"taxonomy":"product_brand","embeddable":true,"href":"https:\/\/futerno.com\/index.php?rest_route=%2Fwp%2Fv2%2Fproduct_brand&post=5998"},{"taxonomy":"product_origin","embeddable":true,"href":"https:\/\/futerno.com\/index.php?rest_route=%2Fwp%2Fv2%2Fproduct_origin&post=5998"}],"curies":[{"name":"wp","href":"https:\/\/api.w.org\/{rel}","templated":true}]}}