{"id":5984,"date":"2025-08-28T09:35:15","date_gmt":"2025-08-28T09:35:15","guid":{"rendered":"https:\/\/futerno.com\/?post_type=product&#038;p=5268"},"modified":"2026-04-06T09:36:23","modified_gmt":"2026-04-06T09:36:23","slug":"sahara-noir-extra-book-match","status":"publish","type":"product","link":"https:\/\/futerno.com\/?product=sahara-noir-extra-book-match&lang=et","title":{"rendered":"Laminam Sahara Noir Extra Book Match"},"content":{"rendered":"<p data-start=\"302\" data-end=\"507\">Sahara Noir Extra Bookmatched on Laminami keraamiline pind, mis on inspireeritud Tuneesia musta marmori efektsetest ja luksuslikest mustritest ning t\u00f5lgendatud kaasaegse tehnoloogia abil.<\/p>\n<p data-start=\"509\" data-end=\"783\">S\u00fcgav must taust on rikastatud erksate ja v\u00e4ljendusrikaste soontega, mis loovad tugeva kontrasti ja visuaalse m\u00f5ju. Bookmatch paigutuses saab plaate asetada peegelpildis, moodustades s\u00fcmmeetrilisi mustreid, mis meenutavad \u00f6ist k\u00f5rbevaadet, kus tumedust l\u00e4bivad valgusjooned.<\/p>\n<p data-start=\"785\" data-end=\"972\">Suureformaadilised plaadid v\u00f5imaldavad mustril sujuvalt \u00fcle pindade liikuda, luues tervikliku ja efektse disainilahenduse nii seinakatetes, p\u00f5randatel kui ka arhitektuursetes elementides.<\/p>\n<p data-start=\"974\" data-end=\"1131\">Bocciardato viimistlus toob esile pinna tekstuuri ja s\u00fcgavuse, imiteerides loodusliku kivi tunnet ning r\u00f5hutades musta tausta ja kontrastsete soonte erip\u00e4ra.<\/p>\n<p data-start=\"1133\" data-end=\"1402\">I Naturali sarja osana \u00fchendab Sahara Noir Extra Bookmatched loodusest inspireeritud esteetika Laminami tehnilise vastupidavusega. Pind on vastupidav kriimustustele, plekkidele, l\u00f6\u00f6kidele ja temperatuurimuutustele, tagades pikaajalise kasutuse ka n\u00f5udlikes tingimustes.<\/p>\n<p data-start=\"1404\" data-end=\"1554\">R10 libisemiskindel viimistlus v\u00f5imaldab kasutada seda nii sise kui ka v\u00e4litingimustes, sealhulgas niisketes keskkondades nii kodu kui ka \u00e4ripindadel.<\/p>\n<p data-start=\"1556\" data-end=\"1816\">Marmi Futerno pakub Sahara Noir Extra Bookmatched Laminam pindu arhitektidele, disaineritele ja arendajatele Rootsis, Eestis ja Norras. Pakume ka eritellimusel valmistatud lahendusi, l\u00f5ikamist ning projektip\u00f5hiseid lahendusi vastavalt iga projekti vajadustele.<\/p>\n<p data-start=\"1818\" data-end=\"1863\" data-is-last-node=\"\" data-is-only-node=\"\">1620 \u00d7 3240 mm t\u00e4ism\u00f5\u00f5dus plaat \u2013 Laminam 12+<\/p>\n","protected":false},"featured_media":5981,"template":"","product_category":[225],"product_color":[188,251],"product_type":[259],"product_brand":[153],"product_origin":[295],"class_list":["post-5984","product","type-product","status-publish","has-post-thumbnail","hentry","product_category-tehiskivi","product_color-must","product_color-kuldne","product_type-keraamika","product_brand-laminam","product_origin-itaalia"],"acf":[],"lang":"et","translations":{"et":5984,"en":5268,"sv":5985},"pll_sync_post":[],"_links":{"self":[{"href":"https:\/\/futerno.com\/index.php?rest_route=\/wp\/v2\/product\/5984","targetHints":{"allow":["GET"]}}],"collection":[{"href":"https:\/\/futerno.com\/index.php?rest_route=\/wp\/v2\/product"}],"about":[{"href":"https:\/\/futerno.com\/index.php?rest_route=\/wp\/v2\/types\/product"}],"version-history":[{"count":1,"href":"https:\/\/futerno.com\/index.php?rest_route=\/wp\/v2\/product\/5984\/revisions"}],"predecessor-version":[{"id":5987,"href":"https:\/\/futerno.com\/index.php?rest_route=\/wp\/v2\/product\/5984\/revisions\/5987"}],"wp:featuredmedia":[{"embeddable":true,"href":"https:\/\/futerno.com\/index.php?rest_route=\/wp\/v2\/media\/5981"}],"wp:attachment":[{"href":"https:\/\/futerno.com\/index.php?rest_route=%2Fwp%2Fv2%2Fmedia&parent=5984"}],"wp:term":[{"taxonomy":"product_category","embeddable":true,"href":"https:\/\/futerno.com\/index.php?rest_route=%2Fwp%2Fv2%2Fproduct_category&post=5984"},{"taxonomy":"product_color","embeddable":true,"href":"https:\/\/futerno.com\/index.php?rest_route=%2Fwp%2Fv2%2Fproduct_color&post=5984"},{"taxonomy":"product_type","embeddable":true,"href":"https:\/\/futerno.com\/index.php?rest_route=%2Fwp%2Fv2%2Fproduct_type&post=5984"},{"taxonomy":"product_brand","embeddable":true,"href":"https:\/\/futerno.com\/index.php?rest_route=%2Fwp%2Fv2%2Fproduct_brand&post=5984"},{"taxonomy":"product_origin","embeddable":true,"href":"https:\/\/futerno.com\/index.php?rest_route=%2Fwp%2Fv2%2Fproduct_origin&post=5984"}],"curies":[{"name":"wp","href":"https:\/\/api.w.org\/{rel}","templated":true}]}}