{"id":5965,"date":"2025-08-28T09:14:40","date_gmt":"2025-08-28T09:14:40","guid":{"rendered":"https:\/\/futerno.com\/?post_type=product&#038;p=5255"},"modified":"2026-04-06T09:19:13","modified_gmt":"2026-04-06T09:19:13","slug":"nero-greco","status":"publish","type":"product","link":"https:\/\/futerno.com\/?product=nero-greco&lang=sv","title":{"rendered":"Laminam Nero Greco"},"content":{"rendered":"<p data-start=\"243\" data-end=\"399\">Nero Greco \u00e4r en keramisk yta fr\u00e5n Laminams I Naturali-serie som lyfter marmorns tidl\u00f6sa elegans till ett dj\u00e4rvt och modernt designelement.<\/p>\n<p data-start=\"401\" data-end=\"638\">Den djupa m\u00f6rka bakgrunden f\u00f6rst\u00e4rks av fina ljusa \u00e5dringar som skapar en sofistikerad kontrast och ett starkt visuellt uttryck. Resultatet \u00e4r en yta som tillf\u00f6r djup, karakt\u00e4r och exklusivitet till b\u00e5de moderna och klassiska interi\u00f6rer.<\/p>\n<p data-start=\"640\" data-end=\"892\">Finns i Natural, Bocciardato och Polished finish, vilket ger flexibilitet f\u00f6r olika anv\u00e4ndningsomr\u00e5den. Natural och Bocciardato har halkskyddande egenskaper, vilket g\u00f6r ytan l\u00e4mplig f\u00f6r b\u00e5de inomhus och utomhus i s\u00e5v\u00e4l privata som kommersiella milj\u00f6er.<\/p>\n<p data-start=\"894\" data-end=\"1076\">Nero Greco passar utm\u00e4rkt f\u00f6r golv, v\u00e4ggbekl\u00e4dnad, k\u00f6ks och badrumsb\u00e4nkskivor samt skr\u00e4ddarsydda inredningselement. De stora formaten m\u00f6jligg\u00f6r enhetliga och s\u00f6ml\u00f6sa designl\u00f6sningar.<\/p>\n<p data-start=\"1078\" data-end=\"1259\">Materialet kombinerar h\u00e5llbarhet med l\u00e4tthet \u2013 ytan \u00e4r motst\u00e5ndskraftig mot repor, fl\u00e4ckar, slag och temperaturv\u00e4xlingar, vilket s\u00e4kerst\u00e4ller l\u00e5ng livsl\u00e4ngd \u00e4ven i kr\u00e4vande milj\u00f6er.<\/p>\n<p data-start=\"1261\" data-end=\"1492\">Marmi Futerno levererar Nero Greco Laminam till arkitekter, designers och utvecklare i Sverige, Estland och Norge. Vi erbjuder \u00e4ven specialtillverkade l\u00f6sningar, kapning och projektspecifika l\u00f6sningar anpassade efter varje projekt.<\/p>\n<p data-start=\"1494\" data-end=\"1538\" data-is-last-node=\"\" data-is-only-node=\"\">1620 \u00d7 3240 mm fullstor platta \u2013 Laminam 12+<\/p>\n","protected":false},"featured_media":5964,"template":"","product_category":[722],"product_color":[757],"product_type":[740],"product_brand":[153],"product_origin":[743],"class_list":["post-5965","product","type-product","status-publish","has-post-thumbnail","hentry","product_category-artificial-stones","product_color-black","product_type-ceramic","product_brand-laminam","product_origin-italy"],"acf":[],"lang":"sv","translations":{"sv":5965,"en":5255,"et":5966},"pll_sync_post":[],"_links":{"self":[{"href":"https:\/\/futerno.com\/index.php?rest_route=\/wp\/v2\/product\/5965","targetHints":{"allow":["GET"]}}],"collection":[{"href":"https:\/\/futerno.com\/index.php?rest_route=\/wp\/v2\/product"}],"about":[{"href":"https:\/\/futerno.com\/index.php?rest_route=\/wp\/v2\/types\/product"}],"version-history":[{"count":1,"href":"https:\/\/futerno.com\/index.php?rest_route=\/wp\/v2\/product\/5965\/revisions"}],"predecessor-version":[{"id":5970,"href":"https:\/\/futerno.com\/index.php?rest_route=\/wp\/v2\/product\/5965\/revisions\/5970"}],"wp:featuredmedia":[{"embeddable":true,"href":"https:\/\/futerno.com\/index.php?rest_route=\/wp\/v2\/media\/5964"}],"wp:attachment":[{"href":"https:\/\/futerno.com\/index.php?rest_route=%2Fwp%2Fv2%2Fmedia&parent=5965"}],"wp:term":[{"taxonomy":"product_category","embeddable":true,"href":"https:\/\/futerno.com\/index.php?rest_route=%2Fwp%2Fv2%2Fproduct_category&post=5965"},{"taxonomy":"product_color","embeddable":true,"href":"https:\/\/futerno.com\/index.php?rest_route=%2Fwp%2Fv2%2Fproduct_color&post=5965"},{"taxonomy":"product_type","embeddable":true,"href":"https:\/\/futerno.com\/index.php?rest_route=%2Fwp%2Fv2%2Fproduct_type&post=5965"},{"taxonomy":"product_brand","embeddable":true,"href":"https:\/\/futerno.com\/index.php?rest_route=%2Fwp%2Fv2%2Fproduct_brand&post=5965"},{"taxonomy":"product_origin","embeddable":true,"href":"https:\/\/futerno.com\/index.php?rest_route=%2Fwp%2Fv2%2Fproduct_origin&post=5965"}],"curies":[{"name":"wp","href":"https:\/\/api.w.org\/{rel}","templated":true}]}}