{"id":5932,"date":"2025-08-11T12:14:25","date_gmt":"2025-08-11T12:14:25","guid":{"rendered":"https:\/\/futerno.com\/?post_type=product&#038;p=4706"},"modified":"2026-04-04T14:32:01","modified_gmt":"2026-04-04T14:32:01","slug":"statuarietto","status":"publish","type":"product","link":"https:\/\/futerno.com\/?product=statuarietto&lang=sv","title":{"rendered":"Laminam Statuarietto"},"content":{"rendered":"<p data-start=\"267\" data-end=\"459\">Statuarietto Bookmatched \u00e4r en keramisk yta fr\u00e5n Laminam som \u00e5terger den raffinerade elegansen hos italiensk Statuario marmor genom en klar vit bakgrund och fina gr\u00e5 \u00e5dringar.<\/p>\n<p data-start=\"461\" data-end=\"736\">De subtila linjerna ger ytan l\u00e4tthet och en sofistikerad k\u00e4nsla, vilket g\u00f6r den idealisk f\u00f6r exklusiva inredningsprojekt. Med bookmatch-layout kan plattorna placeras spegelv\u00e4nt och skapa symmetriska m\u00f6nster som lyfter b\u00e5de v\u00e4ggbekl\u00e4dnad och golv till arkitektoniska helheter.<\/p>\n<p data-start=\"738\" data-end=\"971\">Som en del av I Naturali-kollektionen kombinerar denna yta naturstenens sk\u00f6nhet med Laminams tekniska h\u00e5llbarhet. Den \u00e4r mycket motst\u00e5ndskraftig mot repor, fl\u00e4ckar och slag och beh\u00e5ller sitt utseende \u00f6ver tid \u00e4ven i kr\u00e4vande milj\u00f6er.<\/p>\n<p data-start=\"973\" data-end=\"1229\">Tack vare sina hygieniska egenskaper \u00e4r den s\u00e4rskilt l\u00e4mplig f\u00f6r utrymmen d\u00e4r renlighet \u00e4r avg\u00f6rande. Ytan \u00e4r l\u00e4tt att underh\u00e5lla, enkel att reng\u00f6ra och motst\u00e5ndskraftig mot kemiska \u00e4mnen, vilket g\u00f6r den idealisk f\u00f6r k\u00f6k, badrum och andra k\u00e4nsliga milj\u00f6er.<\/p>\n<p data-start=\"1231\" data-end=\"1346\">Finns i Natural och Polished finish, vilket m\u00f6jligg\u00f6r olika designuttryck fr\u00e5n mjuk matt elegans till h\u00f6gblank yta.<\/p>\n<p data-start=\"1348\" data-end=\"1593\">Marmi Futerno levererar Statuarietto Bookmatched Laminam till arkitekter, designers och utvecklare i Sverige, Estland och Norge. Vi erbjuder \u00e4ven specialtillverkade l\u00f6sningar, kapning och projektspecifika l\u00f6sningar anpassade efter varje projekt.<\/p>\n<p data-start=\"1595\" data-end=\"1639\" data-is-last-node=\"\" data-is-only-node=\"\">1620 \u00d7 3240 mm fullstor platta \u2013 Laminam 12+<\/p>\n","protected":false},"featured_media":5929,"template":"","product_category":[722],"product_color":[725,746],"product_type":[740],"product_brand":[153],"product_origin":[743],"class_list":["post-5932","product","type-product","status-publish","has-post-thumbnail","hentry","product_category-artificial-stones","product_color-grey","product_color-white","product_type-ceramic","product_brand-laminam","product_origin-italy"],"acf":[],"lang":"sv","translations":{"sv":5932,"en":4706,"et":4749},"pll_sync_post":[],"_links":{"self":[{"href":"https:\/\/futerno.com\/index.php?rest_route=\/wp\/v2\/product\/5932","targetHints":{"allow":["GET"]}}],"collection":[{"href":"https:\/\/futerno.com\/index.php?rest_route=\/wp\/v2\/product"}],"about":[{"href":"https:\/\/futerno.com\/index.php?rest_route=\/wp\/v2\/types\/product"}],"version-history":[{"count":1,"href":"https:\/\/futerno.com\/index.php?rest_route=\/wp\/v2\/product\/5932\/revisions"}],"predecessor-version":[{"id":5934,"href":"https:\/\/futerno.com\/index.php?rest_route=\/wp\/v2\/product\/5932\/revisions\/5934"}],"wp:featuredmedia":[{"embeddable":true,"href":"https:\/\/futerno.com\/index.php?rest_route=\/wp\/v2\/media\/5929"}],"wp:attachment":[{"href":"https:\/\/futerno.com\/index.php?rest_route=%2Fwp%2Fv2%2Fmedia&parent=5932"}],"wp:term":[{"taxonomy":"product_category","embeddable":true,"href":"https:\/\/futerno.com\/index.php?rest_route=%2Fwp%2Fv2%2Fproduct_category&post=5932"},{"taxonomy":"product_color","embeddable":true,"href":"https:\/\/futerno.com\/index.php?rest_route=%2Fwp%2Fv2%2Fproduct_color&post=5932"},{"taxonomy":"product_type","embeddable":true,"href":"https:\/\/futerno.com\/index.php?rest_route=%2Fwp%2Fv2%2Fproduct_type&post=5932"},{"taxonomy":"product_brand","embeddable":true,"href":"https:\/\/futerno.com\/index.php?rest_route=%2Fwp%2Fv2%2Fproduct_brand&post=5932"},{"taxonomy":"product_origin","embeddable":true,"href":"https:\/\/futerno.com\/index.php?rest_route=%2Fwp%2Fv2%2Fproduct_origin&post=5932"}],"curies":[{"name":"wp","href":"https:\/\/api.w.org\/{rel}","templated":true}]}}