{"id":5728,"date":"2025-08-28T12:58:45","date_gmt":"2025-08-28T12:58:45","guid":{"rendered":"https:\/\/futerno.com\/?post_type=product&#038;p=5288"},"modified":"2026-04-02T06:34:40","modified_gmt":"2026-04-02T06:34:40","slug":"onice-grigio","status":"publish","type":"product","link":"https:\/\/futerno.com\/?product=onice-grigio&lang=et","title":{"rendered":"Laminam Onice Grigio"},"content":{"rendered":"<p data-start=\"479\" data-end=\"669\">Onice Grigio teine rafineeritud lahendus Laminami Diamond kollektsioonist, mis on suunatud lauapindade ja sisekujunduse maailmale.<\/p>\n<p data-start=\"671\" data-end=\"1066\">See on pind, mis t\u00f5lgendab kaasaegselt kivi kihilist struktuuri, mille j\u00e4rgi see on nime saanud. Graafiline ja emotsionaalne ilu avaneb j\u00e4rk-j\u00e4rgult, justkui raamatu lehek\u00fclgi keerates. Terashallid ja heledad valged toonid sulanduvad sujuvalt pehmemateks varjunditeks nagu bee\u017e, kreem ja soe hall. V\u00e4rvipalett on koosk\u00f5las t\u00e4nap\u00e4evaste trendidega, mis eelistavad neutraalseid ja rahulikke toone.<\/p>\n<p data-start=\"1068\" data-end=\"1257\">Nagu k\u00f5ik Laminami pinnad, on Onice Grigio vastupidav l\u00f6\u00f6kidele, plekkidele ja kriimustustele ning s\u00e4ilitab need omadused ka kuumuse, k\u00fclma ja UV kiirguse m\u00f5jul. Pinna poorsus on alla 0,1%.<\/p>\n<p data-start=\"1259\" data-end=\"1412\">Toiduga kokkupuuteks sobiv ning hallituse tekkele vastupidav pind on eriti sobilik kasutamiseks sisekujunduselementidena, kus esineb intensiivne kasutus.<\/p>\n<p data-start=\"1414\" data-end=\"1620\">Onice Grigio vastab nende ootustele, kes hindavad selge identiteediga pinda ilma liigse domineerimiseta. See annab ruumile iseloomu, j\u00e4\u00e4des samal ajal visuaalselt tasakaalukaks ja kergesti kombineeritavaks.<\/p>\n<p data-start=\"1622\" data-end=\"1667\" data-is-last-node=\"\" data-is-only-node=\"\">1620 \u00d7 3240 mm t\u00e4ism\u00f5\u00f5dus plaat \u2013 Laminam 12+<\/p>\n","protected":false},"featured_media":5725,"template":"","product_category":[225],"product_color":[186,237,251,253],"product_type":[259],"product_brand":[153],"product_origin":[295],"class_list":["post-5728","product","type-product","status-publish","has-post-thumbnail","hentry","product_category-tehiskivi","product_color-hall","product_color-beez","product_color-kuldne","product_color-hobedane","product_type-keraamika","product_brand-laminam","product_origin-itaalia"],"acf":[],"lang":"et","translations":{"et":5728,"en":5288,"sv":5729},"pll_sync_post":[],"_links":{"self":[{"href":"https:\/\/futerno.com\/index.php?rest_route=\/wp\/v2\/product\/5728","targetHints":{"allow":["GET"]}}],"collection":[{"href":"https:\/\/futerno.com\/index.php?rest_route=\/wp\/v2\/product"}],"about":[{"href":"https:\/\/futerno.com\/index.php?rest_route=\/wp\/v2\/types\/product"}],"version-history":[{"count":1,"href":"https:\/\/futerno.com\/index.php?rest_route=\/wp\/v2\/product\/5728\/revisions"}],"predecessor-version":[{"id":5731,"href":"https:\/\/futerno.com\/index.php?rest_route=\/wp\/v2\/product\/5728\/revisions\/5731"}],"wp:featuredmedia":[{"embeddable":true,"href":"https:\/\/futerno.com\/index.php?rest_route=\/wp\/v2\/media\/5725"}],"wp:attachment":[{"href":"https:\/\/futerno.com\/index.php?rest_route=%2Fwp%2Fv2%2Fmedia&parent=5728"}],"wp:term":[{"taxonomy":"product_category","embeddable":true,"href":"https:\/\/futerno.com\/index.php?rest_route=%2Fwp%2Fv2%2Fproduct_category&post=5728"},{"taxonomy":"product_color","embeddable":true,"href":"https:\/\/futerno.com\/index.php?rest_route=%2Fwp%2Fv2%2Fproduct_color&post=5728"},{"taxonomy":"product_type","embeddable":true,"href":"https:\/\/futerno.com\/index.php?rest_route=%2Fwp%2Fv2%2Fproduct_type&post=5728"},{"taxonomy":"product_brand","embeddable":true,"href":"https:\/\/futerno.com\/index.php?rest_route=%2Fwp%2Fv2%2Fproduct_brand&post=5728"},{"taxonomy":"product_origin","embeddable":true,"href":"https:\/\/futerno.com\/index.php?rest_route=%2Fwp%2Fv2%2Fproduct_origin&post=5728"}],"curies":[{"name":"wp","href":"https:\/\/api.w.org\/{rel}","templated":true}]}}