{"id":5654,"date":"2026-04-01T11:11:54","date_gmt":"2026-04-01T11:11:54","guid":{"rendered":"https:\/\/futerno.com\/?post_type=product&#038;p=5654"},"modified":"2026-04-01T11:14:19","modified_gmt":"2026-04-01T11:14:19","slug":"laminam-calce-antracite","status":"publish","type":"product","link":"https:\/\/futerno.com\/?product=laminam-calce-antracite&lang=et","title":{"rendered":"Laminam Calce Antracite"},"content":{"rendered":"<div class=\"section__title\">\n<div class=\"content\">\n<p data-start=\"257\" data-end=\"514\">Calce Antracite on \u00fcks j\u00f5ulisemaid toone koos Nero v\u00e4rviga Calce kollektsioonis, mis on inspireeritud krohvitud seina lihtsusest, kuid v\u00e4ljendab Laminamile omast stiili ja elegantsi t\u00e4nu oma esteetilisele ja taktiilsele iseloomule.<\/p>\n<p data-start=\"516\" data-end=\"696\">Antracite toon annab pindadele mineraalse loomulikkuse, mille j\u00e4rgi see on nime saanud. Selle tume v\u00e4rv muudab selle mitmek\u00fclgseks ja kergesti kombineeritavaks peaaegu iga v\u00e4rviga.<\/p>\n<p data-start=\"698\" data-end=\"930\">Seet\u00f5ttu sobib see Calce kollektsiooni toon eriti h\u00e4sti sisekujundusse. Plaadid on vastupidavad l\u00f6\u00f6kidele, plekkidele ja kriimustustele, sobituvad h\u00f5lpsasti nii kodu kui ka \u00e4rikeskkonda ning kohanduvad erinevate disainilahendustega.<\/p>\n<p data-start=\"932\" data-end=\"1159\">Saadaval mitmes m\u00f5\u00f5dus ja paksuses vastavalt paigaldusvajadustele. Textured viimistlus ja R10 libisemiskindel pind laiendavad kasutusv\u00f5imalusi nii sise kui ka v\u00e4litingimustes, ka niisketes ja veega kokkupuutuvates keskkondades.<\/p>\n<p data-start=\"1161\" data-end=\"1206\" data-is-last-node=\"\" data-is-only-node=\"\">1620 \u00d7 3240 mm t\u00e4ism\u00f5\u00f5dus plaat \u2013 Laminam 12+<\/p>\n<\/div>\n<\/div>\n","protected":false},"featured_media":5656,"template":"","product_category":[225],"product_color":[186],"product_type":[259],"product_brand":[153],"product_origin":[295],"class_list":["post-5654","product","type-product","status-publish","has-post-thumbnail","hentry","product_category-tehiskivi","product_color-hall","product_type-keraamika","product_brand-laminam","product_origin-itaalia"],"acf":[],"lang":"et","translations":{"et":5654,"en":5655,"sv":5660},"pll_sync_post":[],"_links":{"self":[{"href":"https:\/\/futerno.com\/index.php?rest_route=\/wp\/v2\/product\/5654","targetHints":{"allow":["GET"]}}],"collection":[{"href":"https:\/\/futerno.com\/index.php?rest_route=\/wp\/v2\/product"}],"about":[{"href":"https:\/\/futerno.com\/index.php?rest_route=\/wp\/v2\/types\/product"}],"version-history":[{"count":1,"href":"https:\/\/futerno.com\/index.php?rest_route=\/wp\/v2\/product\/5654\/revisions"}],"predecessor-version":[{"id":5662,"href":"https:\/\/futerno.com\/index.php?rest_route=\/wp\/v2\/product\/5654\/revisions\/5662"}],"wp:featuredmedia":[{"embeddable":true,"href":"https:\/\/futerno.com\/index.php?rest_route=\/wp\/v2\/media\/5656"}],"wp:attachment":[{"href":"https:\/\/futerno.com\/index.php?rest_route=%2Fwp%2Fv2%2Fmedia&parent=5654"}],"wp:term":[{"taxonomy":"product_category","embeddable":true,"href":"https:\/\/futerno.com\/index.php?rest_route=%2Fwp%2Fv2%2Fproduct_category&post=5654"},{"taxonomy":"product_color","embeddable":true,"href":"https:\/\/futerno.com\/index.php?rest_route=%2Fwp%2Fv2%2Fproduct_color&post=5654"},{"taxonomy":"product_type","embeddable":true,"href":"https:\/\/futerno.com\/index.php?rest_route=%2Fwp%2Fv2%2Fproduct_type&post=5654"},{"taxonomy":"product_brand","embeddable":true,"href":"https:\/\/futerno.com\/index.php?rest_route=%2Fwp%2Fv2%2Fproduct_brand&post=5654"},{"taxonomy":"product_origin","embeddable":true,"href":"https:\/\/futerno.com\/index.php?rest_route=%2Fwp%2Fv2%2Fproduct_origin&post=5654"}],"curies":[{"name":"wp","href":"https:\/\/api.w.org\/{rel}","templated":true}]}}