{"id":5635,"date":"2026-04-01T10:41:40","date_gmt":"2026-04-01T10:41:40","guid":{"rendered":"https:\/\/futerno.com\/?post_type=product&#038;p=5630"},"modified":"2026-04-01T10:59:06","modified_gmt":"2026-04-01T10:59:06","slug":"laminam-avorio","status":"publish","type":"product","link":"https:\/\/futerno.com\/?product=laminam-avorio&lang=sv","title":{"rendered":"Laminam Calce Avorio"},"content":{"rendered":"<div class=\"section editorial _loaded\" data-module=\"editorial\">\n<div class=\"container\">\n<div class=\"row\">\n<div class=\"col-sm-10 offset-sm-1\">\n<div class=\"section__title\">\n<div class=\"content\">\n<div class=\"flex flex-col text-sm pb-25\">\n<section class=\"text-token-text-primary w-full focus:outline-none [--shadow-height:45px] has-data-writing-block:pointer-events-none has-data-writing-block:-mt-(--shadow-height) has-data-writing-block:pt-(--shadow-height) [&amp;:has([data-writing-block])&gt;*]:pointer-events-auto scroll-mt-[calc(var(--header-height)+min(200px,max(70px,20svh)))]\" dir=\"auto\" data-turn-id=\"request-WEB:57e30020-4222-49ee-bbb6-115111f1cb55-73\" data-testid=\"conversation-turn-132\" data-scroll-anchor=\"true\" data-turn=\"assistant\">\n<div class=\"text-base my-auto mx-auto pb-10 [--thread-content-margin:var(--thread-content-margin-xs,calc(var(--spacing)*4))] @w-sm\/main:[--thread-content-margin:var(--thread-content-margin-sm,calc(var(--spacing)*6))] @w-lg\/main:[--thread-content-margin:var(--thread-content-margin-lg,calc(var(--spacing)*16))] px-(--thread-content-margin)\">\n<div class=\"[--thread-content-max-width:40rem] @w-lg\/main:[--thread-content-max-width:48rem] mx-auto max-w-(--thread-content-max-width) flex-1 group\/turn-messages focus-visible:outline-hidden relative flex w-full min-w-0 flex-col agent-turn\">\n<div class=\"flex max-w-full flex-col gap-4 grow\">\n<div class=\"min-h-8 text-message relative flex w-full flex-col items-end gap-2 text-start break-words whitespace-normal outline-none keyboard-focused:focus-ring [.text-message+&amp;]:mt-1\" dir=\"auto\" tabindex=\"0\" data-message-author-role=\"assistant\" data-message-id=\"5706eae7-c9b0-4eeb-9c1e-c49c57ad96f8\" data-message-model-slug=\"gpt-5-3\" data-turn-start-message=\"true\">\n<div class=\"flex w-full flex-col gap-1 empty:hidden\">\n<div class=\"markdown prose dark:prose-invert w-full wrap-break-word dark markdown-new-styling\">\n<p data-start=\"0\" data-end=\"143\">Calce Avorio \u00e4r en av de mjukaste nyanserna i Calce-kollektionen, en serie ytor fr\u00e5n Laminam inspirerade av enkelheten hos en nyp\u00e5struken v\u00e4gg.<\/p>\n<p data-start=\"145\" data-end=\"411\">Med f\u00e4rgen Avorio g\u00e5r Calce bortom den rena vitheten och erbjuder en varm och inbjudande k\u00e4nsla utan att kompromissa med fr\u00e4sch\u00f6r och enkelhet. Plattorna finns i tv\u00e5 storlekar (1000 \u00d7 3000 mm och 1620 \u00d7 3240 mm) samt i olika tjocklekar beroende p\u00e5 anv\u00e4ndningsomr\u00e5de.<\/p>\n<p data-start=\"413\" data-end=\"596\">Utformade fr\u00e5n b\u00f6rjan f\u00f6r b\u00e5de horisontell och vertikal applicering \u00e4r Calce-ytor s\u00e4rskilt l\u00e4mpliga f\u00f6r inv\u00e4ndig bekl\u00e4dnad samt f\u00f6r anv\u00e4ndning i b\u00e5de privata och kommersiella milj\u00f6er.<\/p>\n<p data-start=\"598\" data-end=\"828\">F\u00e4rgskalan \u00e4r anpassad f\u00f6r att passa alla typer av designstilar och Calce Avorio \u00e4r en av de nyanser som fungerar b\u00e4st i olika milj\u00f6er. Som en neutral f\u00e4rg kan Avorio enkelt kombineras med olika stilar och rum, inte bara i hemmet.<\/p>\n<p data-start=\"830\" data-end=\"975\">Textured-ytan och den halkskyddande R10-finishen ut\u00f6kar anv\u00e4ndningsm\u00f6jligheterna b\u00e5de inomhus och utomhus, \u00e4ven i milj\u00f6er som uts\u00e4tts f\u00f6r vatten.<\/p>\n<p data-start=\"977\" data-end=\"1021\" data-is-last-node=\"\" data-is-only-node=\"\">1620 \u00d7 3240 mm fullstor platta \u2013 Laminam 12+<\/p>\n<\/div>\n<\/div>\n<\/div>\n<\/div>\n<div class=\"z-0 flex min-h-[46px] justify-start\"><\/div>\n<div class=\"mt-3 w-full empty:hidden\">\n<div class=\"text-center\"><\/div>\n<\/div>\n<\/div>\n<\/div>\n<\/section>\n<\/div>\n<div class=\"pointer-events-none h-px w-px absolute bottom-0\" aria-hidden=\"true\" data-edge=\"true\"><\/div>\n<\/div>\n<\/div>\n<\/div>\n<\/div>\n<\/div>\n<\/div>\n","protected":false},"featured_media":5634,"template":"","product_category":[722],"product_color":[725,728],"product_type":[740],"product_brand":[153],"product_origin":[743],"class_list":["post-5635","product","type-product","status-publish","has-post-thumbnail","hentry","product_category-artificial-stones","product_color-grey","product_color-beige","product_type-ceramic","product_brand-laminam","product_origin-italy"],"acf":[],"lang":"sv","translations":{"sv":5635,"en":5630,"et":5636},"pll_sync_post":[],"_links":{"self":[{"href":"https:\/\/futerno.com\/index.php?rest_route=\/wp\/v2\/product\/5635","targetHints":{"allow":["GET"]}}],"collection":[{"href":"https:\/\/futerno.com\/index.php?rest_route=\/wp\/v2\/product"}],"about":[{"href":"https:\/\/futerno.com\/index.php?rest_route=\/wp\/v2\/types\/product"}],"version-history":[{"count":2,"href":"https:\/\/futerno.com\/index.php?rest_route=\/wp\/v2\/product\/5635\/revisions"}],"predecessor-version":[{"id":5653,"href":"https:\/\/futerno.com\/index.php?rest_route=\/wp\/v2\/product\/5635\/revisions\/5653"}],"wp:featuredmedia":[{"embeddable":true,"href":"https:\/\/futerno.com\/index.php?rest_route=\/wp\/v2\/media\/5634"}],"wp:attachment":[{"href":"https:\/\/futerno.com\/index.php?rest_route=%2Fwp%2Fv2%2Fmedia&parent=5635"}],"wp:term":[{"taxonomy":"product_category","embeddable":true,"href":"https:\/\/futerno.com\/index.php?rest_route=%2Fwp%2Fv2%2Fproduct_category&post=5635"},{"taxonomy":"product_color","embeddable":true,"href":"https:\/\/futerno.com\/index.php?rest_route=%2Fwp%2Fv2%2Fproduct_color&post=5635"},{"taxonomy":"product_type","embeddable":true,"href":"https:\/\/futerno.com\/index.php?rest_route=%2Fwp%2Fv2%2Fproduct_type&post=5635"},{"taxonomy":"product_brand","embeddable":true,"href":"https:\/\/futerno.com\/index.php?rest_route=%2Fwp%2Fv2%2Fproduct_brand&post=5635"},{"taxonomy":"product_origin","embeddable":true,"href":"https:\/\/futerno.com\/index.php?rest_route=%2Fwp%2Fv2%2Fproduct_origin&post=5635"}],"curies":[{"name":"wp","href":"https:\/\/api.w.org\/{rel}","templated":true}]}}