{"id":5570,"date":"2026-04-01T09:03:59","date_gmt":"2026-04-01T09:03:59","guid":{"rendered":"https:\/\/futerno.com\/?post_type=product&#038;p=5570"},"modified":"2026-04-01T11:00:43","modified_gmt":"2026-04-01T11:00:43","slug":"taj-mahal-book-match","status":"publish","type":"product","link":"https:\/\/futerno.com\/?product=taj-mahal-book-match&lang=sv","title":{"rendered":"Laminam Taj Mahal Book Match"},"content":{"rendered":"<p>Taj Mahal Book Match tolkar marmorns tidl\u00f6sa prakt p\u00e5 nytt genom den extraordin\u00e4ra uttrycksfullheten hos Laminams keramiska ytor. Den \u00e4r designad f\u00f6r att f\u00f6rh\u00f6ja och ge en touch av elegans till b\u00e5de bost\u00e4der och kommersiella milj\u00f6er. Taj Mahal drar blicken till de mjukt b\u00f6ljande \u00e5dringarna i ljusbrunt, beige och vitt, som tillsammans skapar ett sofistikerat och balanserat f\u00e4rgspel. Den neutrala och m\u00e5ngsidiga tonen passar naturligt ihop med ett brett spektrum av f\u00e4rgkombinationer och anv\u00e4ndningsomr\u00e5den.<\/p>\n<p>Taj Mahal Book Match \u00e4r ett utm\u00e4rkt val tack vare kombinationen av marmorns elegans och keramikens tekniska egenskaper. Detta g\u00f6r den l\u00e4mplig f\u00f6r anv\u00e4ndning i allt fr\u00e5n golv till k\u00f6ks och badrumsb\u00e4nkskivor, bord samt andra inredningsl\u00f6sningar. Ytorna fungerar ocks\u00e5 v\u00e4l i mindre utrymmen, men kommer s\u00e4rskilt till sin r\u00e4tt i Book Match utf\u00f6rande. Bookmatching \u00e4r en teknik d\u00e4r tv\u00e5 eller flera skivor placeras spegelv\u00e4nt f\u00f6r att skapa en unik och harmonisk design som framh\u00e4ver materialets struktur p\u00e5 b\u00e4sta s\u00e4tt.<\/p>\n<ul>\n<li>1620 \u00d7 3240 mm fullstor platta \u2013 Laminam 12+<\/li>\n<\/ul>\n","protected":false},"featured_media":5572,"template":"","product_category":[722],"product_color":[734,737,725,728],"product_type":[740],"product_brand":[153],"product_origin":[743],"class_list":["post-5570","product","type-product","status-publish","has-post-thumbnail","hentry","product_category-artificial-stones","product_color-gold","product_color-silver","product_color-grey","product_color-beige","product_type-ceramic","product_brand-laminam","product_origin-italy"],"acf":[],"lang":"sv","translations":{"sv":5570,"en":4634,"et":4767},"pll_sync_post":[],"_links":{"self":[{"href":"https:\/\/futerno.com\/index.php?rest_route=\/wp\/v2\/product\/5570","targetHints":{"allow":["GET"]}}],"collection":[{"href":"https:\/\/futerno.com\/index.php?rest_route=\/wp\/v2\/product"}],"about":[{"href":"https:\/\/futerno.com\/index.php?rest_route=\/wp\/v2\/types\/product"}],"version-history":[{"count":5,"href":"https:\/\/futerno.com\/index.php?rest_route=\/wp\/v2\/product\/5570\/revisions"}],"predecessor-version":[{"id":5614,"href":"https:\/\/futerno.com\/index.php?rest_route=\/wp\/v2\/product\/5570\/revisions\/5614"}],"wp:featuredmedia":[{"embeddable":true,"href":"https:\/\/futerno.com\/index.php?rest_route=\/wp\/v2\/media\/5572"}],"wp:attachment":[{"href":"https:\/\/futerno.com\/index.php?rest_route=%2Fwp%2Fv2%2Fmedia&parent=5570"}],"wp:term":[{"taxonomy":"product_category","embeddable":true,"href":"https:\/\/futerno.com\/index.php?rest_route=%2Fwp%2Fv2%2Fproduct_category&post=5570"},{"taxonomy":"product_color","embeddable":true,"href":"https:\/\/futerno.com\/index.php?rest_route=%2Fwp%2Fv2%2Fproduct_color&post=5570"},{"taxonomy":"product_type","embeddable":true,"href":"https:\/\/futerno.com\/index.php?rest_route=%2Fwp%2Fv2%2Fproduct_type&post=5570"},{"taxonomy":"product_brand","embeddable":true,"href":"https:\/\/futerno.com\/index.php?rest_route=%2Fwp%2Fv2%2Fproduct_brand&post=5570"},{"taxonomy":"product_origin","embeddable":true,"href":"https:\/\/futerno.com\/index.php?rest_route=%2Fwp%2Fv2%2Fproduct_origin&post=5570"}],"curies":[{"name":"wp","href":"https:\/\/api.w.org\/{rel}","templated":true}]}}